{"id":2368,"date":"2021-05-21T09:13:28","date_gmt":"2021-05-21T09:13:28","guid":{"rendered":"https:\/\/gracey.qodeinteractive.com\/?page_id=2368"},"modified":"2025-09-26T21:47:07","modified_gmt":"2025-09-26T21:47:07","slug":"fantasyland","status":"publish","type":"page","link":"https:\/\/gravitycommunity.org\/index.php\/fantasyland\/","title":{"rendered":"Fantasyland EXP."},"content":{"rendered":"\t\t<div data-elementor-type=\"wp-page\" data-elementor-id=\"2368\" class=\"elementor elementor-2368\">\n\t\t\t\t\t\t<section class=\"elementor-section elementor-top-section elementor-element elementor-element-275de41 elementor-section-full_width elementor-section-height-default elementor-section-height-default qodef-elementor-content-no\" data-id=\"275de41\" data-element_type=\"section\">\n\t\t\t\t\t\t<div class=\"elementor-container elementor-column-gap-default\">\n\t\t\t\t\t<div class=\"elementor-column elementor-col-100 elementor-top-column elementor-element elementor-element-f9b2c50\" data-id=\"f9b2c50\" data-element_type=\"column\">\n\t\t\t<div class=\"elementor-widget-wrap elementor-element-populated\">\n\t\t\t\t\t\t<div class=\"elementor-element elementor-element-971cf49 elementor-widget elementor-widget-gracey_core_video_button\" data-id=\"971cf49\" data-element_type=\"widget\" data-widget_type=\"gracey_core_video_button.default\">\n\t\t\t\t<div class=\"elementor-widget-container\">\n\t\t\t\t\t<div class=\"qodef-shortcode qodef-m  qodef-video-button qodef--has-img\">\n\t\t<div class=\"qodef-m-image\">\n\t\t<img fetchpriority=\"high\" decoding=\"async\" width=\"1920\" height=\"1080\" src=\"https:\/\/gravitycommunity.org\/wp-content\/uploads\/2025\/09\/Gravity-Fantasyland-Photo.jpg\" class=\"attachment-full size-full\" alt=\"\" srcset=\"https:\/\/gravitycommunity.org\/wp-content\/uploads\/2025\/09\/Gravity-Fantasyland-Photo.jpg 1920w, https:\/\/gravitycommunity.org\/wp-content\/uploads\/2025\/09\/Gravity-Fantasyland-Photo-300x169.jpg 300w, https:\/\/gravitycommunity.org\/wp-content\/uploads\/2025\/09\/Gravity-Fantasyland-Photo-1024x576.jpg 1024w, https:\/\/gravitycommunity.org\/wp-content\/uploads\/2025\/09\/Gravity-Fantasyland-Photo-768x432.jpg 768w, https:\/\/gravitycommunity.org\/wp-content\/uploads\/2025\/09\/Gravity-Fantasyland-Photo-1536x864.jpg 1536w, https:\/\/gravitycommunity.org\/wp-content\/uploads\/2025\/09\/Gravity-Fantasyland-Photo-600x338.jpg 600w\" sizes=\"(max-width: 1920px) 100vw, 1920px\" \/>\t<\/div>\n\t\t<a itemprop=\"url\" class=\"qodef-m-play qodef-magnific-popup qodef-popup-item\" style=\"font-size: 145px\" href=\"https:\/\/youtu.be\/mVifUJleEkM\" data-type=\"iframe\">\n\t\t<span class=\"qodef-m-play-inner\">\n\t\t\t<svg  xmlns=\"http:\/\/www.w3.org\/2000\/svg\" xmlns:xlink=\"http:\/\/www.w3.org\/1999\/xlink\" x=\"0px\" y=\"0px\" viewBox=\"0 0 145 139\" style=\"enable-background:new 0 0 145 139;\" xml:space=\"preserve\"><path class=\"st0\" d=\"M24.5,3.7l115.6,66.8L24.5,137.3V3.7 M23.5,2v137l118.6-68.5L23.5,2L23.5,2z\"\/><g><polygon points=\"123.6,70.5 5,2 5,139\"\/><\/g><\/svg>\t\t<\/span>\n\t<\/a>\n<\/div>\n\t\t\t\t<\/div>\n\t\t\t\t<\/div>\n\t\t\t\t\t<\/div>\n\t\t<\/div>\n\t\t\t\t\t<\/div>\n\t\t<\/section>\n\t\t\t\t<section class=\"elementor-section elementor-top-section elementor-element elementor-element-f12a633 elementor-section-full_width qodef-elementor-content-grid elementor-section-height-default elementor-section-height-default\" data-id=\"f12a633\" data-element_type=\"section\">\n\t\t\t\t\t\t<div class=\"elementor-container elementor-column-gap-default\">\n\t\t\t\t\t<div class=\"elementor-column elementor-col-100 elementor-top-column elementor-element elementor-element-2f56caf\" data-id=\"2f56caf\" data-element_type=\"column\">\n\t\t\t<div class=\"elementor-widget-wrap elementor-element-populated\">\n\t\t\t\t\t\t<div class=\"elementor-element elementor-element-5d31418 elementor-widget__width-inherit elementor-widget-tablet__width-initial elementor-widget-mobile__width-inherit elementor-widget elementor-widget-gracey_core_info_section\" data-id=\"5d31418\" data-element_type=\"widget\" data-widget_type=\"gracey_core_info_section.default\">\n\t\t\t\t<div class=\"elementor-widget-container\">\n\t\t\t\t\t<div class=\"qodef-shortcode qodef-m  qodef-info-section qodef-layout--background-text  qodef-alignment--left qodef-background-text-pos--top-left\">\n\t<div class=\"qodef-m-background-text\">\n\t\t\t<\/div>\n\t<div class=\"qodef-m-info\">\n\t\t    <p class=\"qodef-m-subtitle\">EVENT<\/p>\n\n\t\t\t<h2 class=\"qodef-m-title\" >\n\t\tFantasyland EXP.\t<\/h2>\n\t\t\t\t\t<\/div>\n<\/div>\n\t\t\t\t<\/div>\n\t\t\t\t<\/div>\n\t\t\t\t<div class=\"elementor-element elementor-element-f4c255b elementor-widget elementor-widget-image\" data-id=\"f4c255b\" data-element_type=\"widget\" data-widget_type=\"image.default\">\n\t\t\t\t\t\t\t\t\t\t\t\t\t\t\t<img decoding=\"async\" width=\"934\" height=\"538\" src=\"https:\/\/gravitycommunity.org\/wp-content\/uploads\/2025\/09\/Gravity-Fantasyland-Photo-2.jpg\" class=\"attachment-full size-full wp-image-7741\" alt=\"\" srcset=\"https:\/\/gravitycommunity.org\/wp-content\/uploads\/2025\/09\/Gravity-Fantasyland-Photo-2.jpg 934w, https:\/\/gravitycommunity.org\/wp-content\/uploads\/2025\/09\/Gravity-Fantasyland-Photo-2-300x173.jpg 300w, https:\/\/gravitycommunity.org\/wp-content\/uploads\/2025\/09\/Gravity-Fantasyland-Photo-2-768x442.jpg 768w, https:\/\/gravitycommunity.org\/wp-content\/uploads\/2025\/09\/Gravity-Fantasyland-Photo-2-600x346.jpg 600w\" sizes=\"(max-width: 934px) 100vw, 934px\" \/>\t\t\t\t\t\t\t\t\t\t\t\t\t\t\t<\/div>\n\t\t\t\t<section class=\"elementor-section elementor-inner-section elementor-element elementor-element-693f4ea elementor-section-full_width elementor-section-height-default elementor-section-height-default qodef-elementor-content-no\" data-id=\"693f4ea\" data-element_type=\"section\">\n\t\t\t\t\t\t<div class=\"elementor-container elementor-column-gap-default\">\n\t\t\t\t\t<div class=\"elementor-column elementor-col-100 elementor-inner-column elementor-element elementor-element-72b45d5\" data-id=\"72b45d5\" data-element_type=\"column\">\n\t\t\t<div class=\"elementor-widget-wrap elementor-element-populated\">\n\t\t\t\t\t\t<div class=\"elementor-element elementor-element-a6e974b elementor-widget elementor-widget-text-editor\" data-id=\"a6e974b\" data-element_type=\"widget\" data-widget_type=\"text-editor.default\">\n\t\t\t\t\t\t\t\t\t<p>Gravity Fantasyland EXP est une innovation \u00e9v\u00e9nementielle qui fusionne l\u2019art sous toutes ses formes. Ce concept unique int\u00e8gre l\u2019architecture, les arts visuels, la musique, le bien-\u00eatre, et les arts de la sc\u00e8ne, cr\u00e9ant une exp\u00e9rience immersive et in\u00e9dite. EXP repose sur quatre principes essentiels : Exp\u00e9rimentation, Exploration, Expression et Exposition, chacun offrant une nouvelle dimension \u00e0 la d\u00e9couverte artistique. C&#8217;est un espace o\u00f9 chaque visiteur est invit\u00e9 \u00e0 interagir, \u00e0 s&#8217;exprimer et \u00e0 explorer de nouvelles perspectives cr\u00e9atives. Plongez dans un univers o\u00f9 la magie de l\u2019art repousse les fronti\u00e8res de l\u2019imagination et de la r\u00e9alit\u00e9.<\/p>\t\t\t\t\t\t\t\t<\/div>\n\t\t\t\t\t<\/div>\n\t\t<\/div>\n\t\t\t\t\t<\/div>\n\t\t<\/section>\n\t\t\t\t\t<\/div>\n\t\t<\/div>\n\t\t\t\t\t<\/div>\n\t\t<\/section>\n\t\t<div class=\"elementor-element elementor-element-10f17c0 e-flex e-con-boxed qodef-elementor-content-no e-con e-parent\" data-id=\"10f17c0\" data-element_type=\"container\">\n\t\t\t\t\t<div class=\"e-con-inner\">\n\t\t\t\t<div class=\"elementor-element elementor-element-57036f2 elementor-arrows-position-inside elementor-pagination-position-outside elementor-widget elementor-widget-image-carousel\" data-id=\"57036f2\" data-element_type=\"widget\" data-settings=\"{&quot;navigation&quot;:&quot;both&quot;,&quot;autoplay&quot;:&quot;yes&quot;,&quot;pause_on_hover&quot;:&quot;yes&quot;,&quot;pause_on_interaction&quot;:&quot;yes&quot;,&quot;autoplay_speed&quot;:5000,&quot;infinite&quot;:&quot;yes&quot;,&quot;speed&quot;:500,&quot;image_spacing_custom&quot;:{&quot;unit&quot;:&quot;px&quot;,&quot;size&quot;:20,&quot;sizes&quot;:[]},&quot;image_spacing_custom_tablet&quot;:{&quot;unit&quot;:&quot;px&quot;,&quot;size&quot;:&quot;&quot;,&quot;sizes&quot;:[]},&quot;image_spacing_custom_mobile&quot;:{&quot;unit&quot;:&quot;px&quot;,&quot;size&quot;:&quot;&quot;,&quot;sizes&quot;:[]}}\" data-widget_type=\"image-carousel.default\">\n\t\t\t\t\t\t\t<div class=\"elementor-image-carousel-wrapper swiper\" role=\"region\" aria-roledescription=\"carousel\" aria-label=\"Image Carousel\" dir=\"ltr\">\n\t\t\t<div class=\"elementor-image-carousel swiper-wrapper\" aria-live=\"off\">\n\t\t\t\t\t\t\t\t<div class=\"swiper-slide\" role=\"group\" aria-roledescription=\"slide\" aria-label=\"1 of 8\"><figure class=\"swiper-slide-inner\"><img decoding=\"async\" class=\"swiper-slide-image\" src=\"https:\/\/gravitycommunity.org\/wp-content\/uploads\/2025\/09\/1.jpg\" alt=\"Screenshot\" \/><\/figure><\/div><div class=\"swiper-slide\" role=\"group\" aria-roledescription=\"slide\" aria-label=\"2 of 8\"><figure class=\"swiper-slide-inner\"><img decoding=\"async\" class=\"swiper-slide-image\" src=\"https:\/\/gravitycommunity.org\/wp-content\/uploads\/2025\/09\/2.jpg\" alt=\"Screenshot\" \/><\/figure><\/div><div class=\"swiper-slide\" role=\"group\" aria-roledescription=\"slide\" aria-label=\"3 of 8\"><figure class=\"swiper-slide-inner\"><img decoding=\"async\" class=\"swiper-slide-image\" src=\"https:\/\/gravitycommunity.org\/wp-content\/uploads\/2025\/09\/3.jpg\" alt=\"Screenshot\" \/><\/figure><\/div><div class=\"swiper-slide\" role=\"group\" aria-roledescription=\"slide\" aria-label=\"4 of 8\"><figure class=\"swiper-slide-inner\"><img decoding=\"async\" class=\"swiper-slide-image\" src=\"https:\/\/gravitycommunity.org\/wp-content\/uploads\/2025\/09\/4.jpg\" alt=\"Screenshot\" \/><\/figure><\/div><div class=\"swiper-slide\" role=\"group\" aria-roledescription=\"slide\" aria-label=\"5 of 8\"><figure class=\"swiper-slide-inner\"><img decoding=\"async\" class=\"swiper-slide-image\" src=\"https:\/\/gravitycommunity.org\/wp-content\/uploads\/2025\/09\/5.jpg\" alt=\"Screenshot\" \/><\/figure><\/div><div class=\"swiper-slide\" role=\"group\" aria-roledescription=\"slide\" aria-label=\"6 of 8\"><figure class=\"swiper-slide-inner\"><img decoding=\"async\" class=\"swiper-slide-image\" src=\"https:\/\/gravitycommunity.org\/wp-content\/uploads\/2025\/09\/6.jpg\" alt=\"Screenshot\" \/><\/figure><\/div><div class=\"swiper-slide\" role=\"group\" aria-roledescription=\"slide\" aria-label=\"7 of 8\"><figure class=\"swiper-slide-inner\"><img decoding=\"async\" class=\"swiper-slide-image\" src=\"https:\/\/gravitycommunity.org\/wp-content\/uploads\/2025\/09\/7.jpg\" alt=\"Screenshot\" \/><\/figure><\/div><div class=\"swiper-slide\" role=\"group\" aria-roledescription=\"slide\" aria-label=\"8 of 8\"><figure class=\"swiper-slide-inner\"><img decoding=\"async\" class=\"swiper-slide-image\" src=\"https:\/\/gravitycommunity.org\/wp-content\/uploads\/2025\/09\/8.jpg\" alt=\"Screenshot\" \/><\/figure><\/div>\t\t\t<\/div>\n\t\t\t\t\t\t\t\t\t\t\t\t<div class=\"elementor-swiper-button elementor-swiper-button-prev\" role=\"button\" tabindex=\"0\">\n\t\t\t\t\t\t<svg aria-hidden=\"true\" class=\"e-font-icon-svg e-eicon-chevron-left\" viewBox=\"0 0 1000 1000\" xmlns=\"http:\/\/www.w3.org\/2000\/svg\"><path d=\"M646 125C629 125 613 133 604 142L308 442C296 454 292 471 292 487 292 504 296 521 308 533L604 854C617 867 629 875 646 875 663 875 679 871 692 858 704 846 713 829 713 812 713 796 708 779 692 767L438 487 692 225C700 217 708 204 708 187 708 171 704 154 692 142 675 129 663 125 646 125Z\"><\/path><\/svg>\t\t\t\t\t<\/div>\n\t\t\t\t\t<div class=\"elementor-swiper-button elementor-swiper-button-next\" role=\"button\" tabindex=\"0\">\n\t\t\t\t\t\t<svg aria-hidden=\"true\" class=\"e-font-icon-svg e-eicon-chevron-right\" viewBox=\"0 0 1000 1000\" xmlns=\"http:\/\/www.w3.org\/2000\/svg\"><path d=\"M696 533C708 521 713 504 713 487 713 471 708 454 696 446L400 146C388 133 375 125 354 125 338 125 325 129 313 142 300 154 292 171 292 187 292 204 296 221 308 233L563 492 304 771C292 783 288 800 288 817 288 833 296 850 308 863 321 871 338 875 354 875 371 875 388 867 400 854L696 533Z\"><\/path><\/svg>\t\t\t\t\t<\/div>\n\t\t\t\t\n\t\t\t\t\t\t\t\t\t<div class=\"swiper-pagination\"><\/div>\n\t\t\t\t\t\t\t\t\t<\/div>\n\t\t\t\t\t\t<\/div>\n\t\t\t\t\t<\/div>\n\t\t\t\t<\/div>\n\t\t\t\t<\/div>\n\t\t","protected":false},"excerpt":{"rendered":"<p>EVENT Fantasyland EXP. Gravity Fantasyland EXP est une innovation \u00e9v\u00e9nementielle qui fusionne l\u2019art sous toutes ses formes. Ce concept unique int\u00e8gre l\u2019architecture, les arts visuels, la musique, le bien-\u00eatre, et les arts de la sc\u00e8ne, cr\u00e9ant une exp\u00e9rience immersive et in\u00e9dite. EXP repose sur quatre principes essentiels : Exp\u00e9rimentation, Exploration, Expression et Exposition, chacun offrant [&hellip;]<\/p>\n","protected":false},"author":1,"featured_media":0,"parent":0,"menu_order":0,"comment_status":"closed","ping_status":"closed","template":"page-full-width.php","meta":{"footnotes":""},"class_list":["post-2368","page","type-page","status-publish","hentry"],"yoast_head":"<!-- This site is optimized with the Yoast SEO plugin v27.3 - https:\/\/yoast.com\/product\/yoast-seo-wordpress\/ -->\n<title>Fantasyland EXP. - Gravity Community<\/title>\n<meta name=\"robots\" content=\"index, follow, max-snippet:-1, max-image-preview:large, max-video-preview:-1\" \/>\n<link rel=\"canonical\" href=\"https:\/\/gravitycommunity.org\/index.php\/fantasyland\/\" \/>\n<meta property=\"og:locale\" content=\"en_US\" \/>\n<meta property=\"og:type\" content=\"article\" \/>\n<meta property=\"og:title\" content=\"Fantasyland EXP. - Gravity Community\" \/>\n<meta property=\"og:description\" content=\"EVENT Fantasyland EXP. Gravity Fantasyland EXP est une innovation \u00e9v\u00e9nementielle qui fusionne l\u2019art sous toutes ses formes. Ce concept unique int\u00e8gre l\u2019architecture, les arts visuels, la musique, le bien-\u00eatre, et les arts de la sc\u00e8ne, cr\u00e9ant une exp\u00e9rience immersive et in\u00e9dite. EXP repose sur quatre principes essentiels : Exp\u00e9rimentation, Exploration, Expression et Exposition, chacun offrant [&hellip;]\" \/>\n<meta property=\"og:url\" content=\"https:\/\/gravitycommunity.org\/index.php\/fantasyland\/\" \/>\n<meta property=\"og:site_name\" content=\"Gravity Community\" \/>\n<meta property=\"article:modified_time\" content=\"2025-09-26T21:47:07+00:00\" \/>\n<meta property=\"og:image\" content=\"http:\/\/gravitycommunity.org\/wp-content\/uploads\/2025\/09\/Gravity-Fantasyland-Photo.jpg\" \/>\n<meta name=\"twitter:card\" content=\"summary_large_image\" \/>\n<meta name=\"twitter:label1\" content=\"Est. reading time\" \/>\n\t<meta name=\"twitter:data1\" content=\"1 minute\" \/>\n<script type=\"application\/ld+json\" class=\"yoast-schema-graph\">{\"@context\":\"https:\\\/\\\/schema.org\",\"@graph\":[{\"@type\":\"WebPage\",\"@id\":\"https:\\\/\\\/gravitycommunity.org\\\/index.php\\\/fantasyland\\\/\",\"url\":\"https:\\\/\\\/gravitycommunity.org\\\/index.php\\\/fantasyland\\\/\",\"name\":\"Fantasyland EXP. - Gravity Community\",\"isPartOf\":{\"@id\":\"https:\\\/\\\/gravitycommunity.org\\\/#website\"},\"primaryImageOfPage\":{\"@id\":\"https:\\\/\\\/gravitycommunity.org\\\/index.php\\\/fantasyland\\\/#primaryimage\"},\"image\":{\"@id\":\"https:\\\/\\\/gravitycommunity.org\\\/index.php\\\/fantasyland\\\/#primaryimage\"},\"thumbnailUrl\":\"http:\\\/\\\/gravitycommunity.org\\\/wp-content\\\/uploads\\\/2025\\\/09\\\/Gravity-Fantasyland-Photo.jpg\",\"datePublished\":\"2021-05-21T09:13:28+00:00\",\"dateModified\":\"2025-09-26T21:47:07+00:00\",\"breadcrumb\":{\"@id\":\"https:\\\/\\\/gravitycommunity.org\\\/index.php\\\/fantasyland\\\/#breadcrumb\"},\"inLanguage\":\"en-US\",\"potentialAction\":[{\"@type\":\"ReadAction\",\"target\":[\"https:\\\/\\\/gravitycommunity.org\\\/index.php\\\/fantasyland\\\/\"]}]},{\"@type\":\"ImageObject\",\"inLanguage\":\"en-US\",\"@id\":\"https:\\\/\\\/gravitycommunity.org\\\/index.php\\\/fantasyland\\\/#primaryimage\",\"url\":\"https:\\\/\\\/gravitycommunity.org\\\/wp-content\\\/uploads\\\/2025\\\/09\\\/Gravity-Fantasyland-Photo.jpg\",\"contentUrl\":\"https:\\\/\\\/gravitycommunity.org\\\/wp-content\\\/uploads\\\/2025\\\/09\\\/Gravity-Fantasyland-Photo.jpg\",\"width\":1920,\"height\":1080},{\"@type\":\"BreadcrumbList\",\"@id\":\"https:\\\/\\\/gravitycommunity.org\\\/index.php\\\/fantasyland\\\/#breadcrumb\",\"itemListElement\":[{\"@type\":\"ListItem\",\"position\":1,\"name\":\"Home\",\"item\":\"https:\\\/\\\/gravitycommunity.org\\\/\"},{\"@type\":\"ListItem\",\"position\":2,\"name\":\"Fantasyland EXP.\"}]},{\"@type\":\"WebSite\",\"@id\":\"https:\\\/\\\/gravitycommunity.org\\\/#website\",\"url\":\"https:\\\/\\\/gravitycommunity.org\\\/\",\"name\":\"Gravity Community\",\"description\":\"\",\"publisher\":{\"@id\":\"https:\\\/\\\/gravitycommunity.org\\\/#organization\"},\"potentialAction\":[{\"@type\":\"SearchAction\",\"target\":{\"@type\":\"EntryPoint\",\"urlTemplate\":\"https:\\\/\\\/gravitycommunity.org\\\/?s={search_term_string}\"},\"query-input\":{\"@type\":\"PropertyValueSpecification\",\"valueRequired\":true,\"valueName\":\"search_term_string\"}}],\"inLanguage\":\"en-US\"},{\"@type\":\"Organization\",\"@id\":\"https:\\\/\\\/gravitycommunity.org\\\/#organization\",\"name\":\"Gravity Community\",\"url\":\"https:\\\/\\\/gravitycommunity.org\\\/\",\"logo\":{\"@type\":\"ImageObject\",\"inLanguage\":\"en-US\",\"@id\":\"https:\\\/\\\/gravitycommunity.org\\\/#\\\/schema\\\/logo\\\/image\\\/\",\"url\":\"https:\\\/\\\/gravitycommunity.org\\\/wp-content\\\/uploads\\\/2025\\\/09\\\/Gravity-Logo-2.png\",\"contentUrl\":\"https:\\\/\\\/gravitycommunity.org\\\/wp-content\\\/uploads\\\/2025\\\/09\\\/Gravity-Logo-2.png\",\"width\":426,\"height\":327,\"caption\":\"Gravity Community\"},\"image\":{\"@id\":\"https:\\\/\\\/gravitycommunity.org\\\/#\\\/schema\\\/logo\\\/image\\\/\"},\"sameAs\":[\"http:\\\/\\\/instagram.com\\\/gravity.community\\\/\"]}]}<\/script>\n<!-- \/ Yoast SEO plugin. -->","yoast_head_json":{"title":"Fantasyland EXP. - Gravity Community","robots":{"index":"index","follow":"follow","max-snippet":"max-snippet:-1","max-image-preview":"max-image-preview:large","max-video-preview":"max-video-preview:-1"},"canonical":"https:\/\/gravitycommunity.org\/index.php\/fantasyland\/","og_locale":"en_US","og_type":"article","og_title":"Fantasyland EXP. - Gravity Community","og_description":"EVENT Fantasyland EXP. Gravity Fantasyland EXP est une innovation \u00e9v\u00e9nementielle qui fusionne l\u2019art sous toutes ses formes. Ce concept unique int\u00e8gre l\u2019architecture, les arts visuels, la musique, le bien-\u00eatre, et les arts de la sc\u00e8ne, cr\u00e9ant une exp\u00e9rience immersive et in\u00e9dite. EXP repose sur quatre principes essentiels : Exp\u00e9rimentation, Exploration, Expression et Exposition, chacun offrant [&hellip;]","og_url":"https:\/\/gravitycommunity.org\/index.php\/fantasyland\/","og_site_name":"Gravity Community","article_modified_time":"2025-09-26T21:47:07+00:00","og_image":[{"url":"http:\/\/gravitycommunity.org\/wp-content\/uploads\/2025\/09\/Gravity-Fantasyland-Photo.jpg","type":"","width":"","height":""}],"twitter_card":"summary_large_image","twitter_misc":{"Est. reading time":"1 minute"},"schema":{"@context":"https:\/\/schema.org","@graph":[{"@type":"WebPage","@id":"https:\/\/gravitycommunity.org\/index.php\/fantasyland\/","url":"https:\/\/gravitycommunity.org\/index.php\/fantasyland\/","name":"Fantasyland EXP. - Gravity Community","isPartOf":{"@id":"https:\/\/gravitycommunity.org\/#website"},"primaryImageOfPage":{"@id":"https:\/\/gravitycommunity.org\/index.php\/fantasyland\/#primaryimage"},"image":{"@id":"https:\/\/gravitycommunity.org\/index.php\/fantasyland\/#primaryimage"},"thumbnailUrl":"http:\/\/gravitycommunity.org\/wp-content\/uploads\/2025\/09\/Gravity-Fantasyland-Photo.jpg","datePublished":"2021-05-21T09:13:28+00:00","dateModified":"2025-09-26T21:47:07+00:00","breadcrumb":{"@id":"https:\/\/gravitycommunity.org\/index.php\/fantasyland\/#breadcrumb"},"inLanguage":"en-US","potentialAction":[{"@type":"ReadAction","target":["https:\/\/gravitycommunity.org\/index.php\/fantasyland\/"]}]},{"@type":"ImageObject","inLanguage":"en-US","@id":"https:\/\/gravitycommunity.org\/index.php\/fantasyland\/#primaryimage","url":"https:\/\/gravitycommunity.org\/wp-content\/uploads\/2025\/09\/Gravity-Fantasyland-Photo.jpg","contentUrl":"https:\/\/gravitycommunity.org\/wp-content\/uploads\/2025\/09\/Gravity-Fantasyland-Photo.jpg","width":1920,"height":1080},{"@type":"BreadcrumbList","@id":"https:\/\/gravitycommunity.org\/index.php\/fantasyland\/#breadcrumb","itemListElement":[{"@type":"ListItem","position":1,"name":"Home","item":"https:\/\/gravitycommunity.org\/"},{"@type":"ListItem","position":2,"name":"Fantasyland EXP."}]},{"@type":"WebSite","@id":"https:\/\/gravitycommunity.org\/#website","url":"https:\/\/gravitycommunity.org\/","name":"Gravity Community","description":"","publisher":{"@id":"https:\/\/gravitycommunity.org\/#organization"},"potentialAction":[{"@type":"SearchAction","target":{"@type":"EntryPoint","urlTemplate":"https:\/\/gravitycommunity.org\/?s={search_term_string}"},"query-input":{"@type":"PropertyValueSpecification","valueRequired":true,"valueName":"search_term_string"}}],"inLanguage":"en-US"},{"@type":"Organization","@id":"https:\/\/gravitycommunity.org\/#organization","name":"Gravity Community","url":"https:\/\/gravitycommunity.org\/","logo":{"@type":"ImageObject","inLanguage":"en-US","@id":"https:\/\/gravitycommunity.org\/#\/schema\/logo\/image\/","url":"https:\/\/gravitycommunity.org\/wp-content\/uploads\/2025\/09\/Gravity-Logo-2.png","contentUrl":"https:\/\/gravitycommunity.org\/wp-content\/uploads\/2025\/09\/Gravity-Logo-2.png","width":426,"height":327,"caption":"Gravity Community"},"image":{"@id":"https:\/\/gravitycommunity.org\/#\/schema\/logo\/image\/"},"sameAs":["http:\/\/instagram.com\/gravity.community\/"]}]}},"_links":{"self":[{"href":"https:\/\/gravitycommunity.org\/index.php\/wp-json\/wp\/v2\/pages\/2368","targetHints":{"allow":["GET"]}}],"collection":[{"href":"https:\/\/gravitycommunity.org\/index.php\/wp-json\/wp\/v2\/pages"}],"about":[{"href":"https:\/\/gravitycommunity.org\/index.php\/wp-json\/wp\/v2\/types\/page"}],"author":[{"embeddable":true,"href":"https:\/\/gravitycommunity.org\/index.php\/wp-json\/wp\/v2\/users\/1"}],"replies":[{"embeddable":true,"href":"https:\/\/gravitycommunity.org\/index.php\/wp-json\/wp\/v2\/comments?post=2368"}],"version-history":[{"count":19,"href":"https:\/\/gravitycommunity.org\/index.php\/wp-json\/wp\/v2\/pages\/2368\/revisions"}],"predecessor-version":[{"id":7827,"href":"https:\/\/gravitycommunity.org\/index.php\/wp-json\/wp\/v2\/pages\/2368\/revisions\/7827"}],"wp:attachment":[{"href":"https:\/\/gravitycommunity.org\/index.php\/wp-json\/wp\/v2\/media?parent=2368"}],"curies":[{"name":"wp","href":"https:\/\/api.w.org\/{rel}","templated":true}]}}