{"id":7753,"date":"2025-09-22T20:08:20","date_gmt":"2025-09-22T20:08:20","guid":{"rendered":"https:\/\/gravitycommunity.org\/?page_id=7753"},"modified":"2025-09-29T15:21:37","modified_gmt":"2025-09-29T15:21:37","slug":"mirage","status":"publish","type":"page","link":"https:\/\/gravitycommunity.org\/index.php\/mirage\/","title":{"rendered":"Mirage"},"content":{"rendered":"\t\t<div data-elementor-type=\"wp-page\" data-elementor-id=\"7753\" class=\"elementor elementor-7753\">\n\t\t\t\t\t\t<section class=\"elementor-section elementor-top-section elementor-element elementor-element-275de41 elementor-section-full_width elementor-section-height-default elementor-section-height-default qodef-elementor-content-no\" data-id=\"275de41\" data-element_type=\"section\">\n\t\t\t\t\t\t<div class=\"elementor-container elementor-column-gap-default\">\n\t\t\t\t\t<div class=\"elementor-column elementor-col-100 elementor-top-column elementor-element elementor-element-f9b2c50\" data-id=\"f9b2c50\" data-element_type=\"column\">\n\t\t\t<div class=\"elementor-widget-wrap elementor-element-populated\">\n\t\t\t\t\t\t<div class=\"elementor-element elementor-element-971cf49 elementor-widget elementor-widget-gracey_core_video_button\" data-id=\"971cf49\" data-element_type=\"widget\" data-widget_type=\"gracey_core_video_button.default\">\n\t\t\t\t<div class=\"elementor-widget-container\">\n\t\t\t\t\t<div class=\"qodef-shortcode qodef-m  qodef-video-button qodef--has-img\">\n\t\t<div class=\"qodef-m-image\">\n\t\t<img fetchpriority=\"high\" decoding=\"async\" width=\"1920\" height=\"1080\" src=\"https:\/\/gravitycommunity.org\/wp-content\/uploads\/2025\/09\/Gravity-Mirage-1.jpg\" class=\"attachment-full size-full\" alt=\"\" srcset=\"https:\/\/gravitycommunity.org\/wp-content\/uploads\/2025\/09\/Gravity-Mirage-1.jpg 1920w, https:\/\/gravitycommunity.org\/wp-content\/uploads\/2025\/09\/Gravity-Mirage-1-300x169.jpg 300w, https:\/\/gravitycommunity.org\/wp-content\/uploads\/2025\/09\/Gravity-Mirage-1-1024x576.jpg 1024w, https:\/\/gravitycommunity.org\/wp-content\/uploads\/2025\/09\/Gravity-Mirage-1-768x432.jpg 768w, https:\/\/gravitycommunity.org\/wp-content\/uploads\/2025\/09\/Gravity-Mirage-1-1536x864.jpg 1536w, https:\/\/gravitycommunity.org\/wp-content\/uploads\/2025\/09\/Gravity-Mirage-1-600x338.jpg 600w\" sizes=\"(max-width: 1920px) 100vw, 1920px\" \/>\t<\/div>\n\t\t<a itemprop=\"url\" class=\"qodef-m-play qodef-magnific-popup qodef-popup-item\" style=\"font-size: 145px\" href=\"https:\/\/youtu.be\/NByvkZuPQTM\" data-type=\"iframe\">\n\t\t<span class=\"qodef-m-play-inner\">\n\t\t\t<svg  xmlns=\"http:\/\/www.w3.org\/2000\/svg\" xmlns:xlink=\"http:\/\/www.w3.org\/1999\/xlink\" x=\"0px\" y=\"0px\" viewBox=\"0 0 145 139\" style=\"enable-background:new 0 0 145 139;\" xml:space=\"preserve\"><path class=\"st0\" d=\"M24.5,3.7l115.6,66.8L24.5,137.3V3.7 M23.5,2v137l118.6-68.5L23.5,2L23.5,2z\"\/><g><polygon points=\"123.6,70.5 5,2 5,139\"\/><\/g><\/svg>\t\t<\/span>\n\t<\/a>\n<\/div>\n\t\t\t\t<\/div>\n\t\t\t\t<\/div>\n\t\t\t\t\t<\/div>\n\t\t<\/div>\n\t\t\t\t\t<\/div>\n\t\t<\/section>\n\t\t\t\t<section class=\"elementor-section elementor-top-section elementor-element elementor-element-f12a633 elementor-section-full_width qodef-elementor-content-grid elementor-section-height-default elementor-section-height-default\" data-id=\"f12a633\" data-element_type=\"section\">\n\t\t\t\t\t\t<div class=\"elementor-container elementor-column-gap-default\">\n\t\t\t\t\t<div class=\"elementor-column elementor-col-100 elementor-top-column elementor-element elementor-element-2f56caf\" data-id=\"2f56caf\" data-element_type=\"column\">\n\t\t\t<div class=\"elementor-widget-wrap elementor-element-populated\">\n\t\t\t\t\t\t<div class=\"elementor-element elementor-element-5d31418 elementor-widget__width-inherit elementor-widget-tablet__width-initial elementor-widget-mobile__width-inherit elementor-widget elementor-widget-gracey_core_info_section\" data-id=\"5d31418\" data-element_type=\"widget\" data-widget_type=\"gracey_core_info_section.default\">\n\t\t\t\t<div class=\"elementor-widget-container\">\n\t\t\t\t\t<div class=\"qodef-shortcode qodef-m  qodef-info-section qodef-layout--background-text  qodef-alignment--left qodef-background-text-pos--top-left\">\n\t<div class=\"qodef-m-background-text\">\n\t\t\t<\/div>\n\t<div class=\"qodef-m-info\">\n\t\t    <p class=\"qodef-m-subtitle\">GRAVITY COMMUNITY<\/p>\n\n\t\t\t<h2 class=\"qodef-m-title\" >\n\t\tMirage\t<\/h2>\n\t\t\t\t\t<\/div>\n<\/div>\n\t\t\t\t<\/div>\n\t\t\t\t<\/div>\n\t\t\t\t<div class=\"elementor-element elementor-element-f4c255b elementor-widget elementor-widget-image\" data-id=\"f4c255b\" data-element_type=\"widget\" data-widget_type=\"image.default\">\n\t\t\t\t\t\t\t\t\t\t\t\t\t\t\t<img decoding=\"async\" width=\"934\" height=\"538\" src=\"https:\/\/gravitycommunity.org\/wp-content\/uploads\/2025\/09\/Gravity-Mirage-2.jpg\" class=\"attachment-full size-full wp-image-7757\" alt=\"\" srcset=\"https:\/\/gravitycommunity.org\/wp-content\/uploads\/2025\/09\/Gravity-Mirage-2.jpg 934w, https:\/\/gravitycommunity.org\/wp-content\/uploads\/2025\/09\/Gravity-Mirage-2-300x173.jpg 300w, https:\/\/gravitycommunity.org\/wp-content\/uploads\/2025\/09\/Gravity-Mirage-2-768x442.jpg 768w, https:\/\/gravitycommunity.org\/wp-content\/uploads\/2025\/09\/Gravity-Mirage-2-600x346.jpg 600w\" sizes=\"(max-width: 934px) 100vw, 934px\" \/>\t\t\t\t\t\t\t\t\t\t\t\t\t\t\t<\/div>\n\t\t\t\t<section class=\"elementor-section elementor-inner-section elementor-element elementor-element-693f4ea elementor-section-full_width elementor-section-height-default elementor-section-height-default qodef-elementor-content-no\" data-id=\"693f4ea\" data-element_type=\"section\">\n\t\t\t\t\t\t<div class=\"elementor-container elementor-column-gap-default\">\n\t\t\t\t\t<div class=\"elementor-column elementor-col-100 elementor-inner-column elementor-element elementor-element-72b45d5\" data-id=\"72b45d5\" data-element_type=\"column\">\n\t\t\t<div class=\"elementor-widget-wrap elementor-element-populated\">\n\t\t\t\t\t\t<div class=\"elementor-element elementor-element-a6e974b elementor-widget elementor-widget-text-editor\" data-id=\"a6e974b\" data-element_type=\"widget\" data-widget_type=\"text-editor.default\">\n\t\t\t\t\t\t\t\t\t<p>Gravity Mirage est l&#8217;aboutissement de notre voyage, o\u00f9 le r\u00eave rencontre la r\u00e9alit\u00e9 dans un cadre d&#8217;exception. Bien plus qu\u2019un simple \u00e9v\u00e9nement musical, Mirage est une exp\u00e9rience de luxe du 21e si\u00e8cle, con\u00e7ue pour \u00e9veiller un \u00e9merveillement profond. Au c\u0153ur de l\u2019oasis somptueuse de l\u2019h\u00f4tel Anantara \u00e0 Tozeur, chaque d\u00e9tail a \u00e9t\u00e9 m\u00e9ticuleusement pens\u00e9 pour offrir une immersion totale. Dans ce lieu magique, nous avons r\u00e9invent\u00e9 l\u2019art de l\u2019hospitalit\u00e9, en cr\u00e9ant un espace o\u00f9 l\u2019\u00e9l\u00e9gance et l\u2019inattendu se rencontrent pour une aventure inoubliable. Gravity Mirage \u00e9l\u00e8ve l\u2019exp\u00e9rience de vie en fusionnant musique, luxe, et la beaut\u00e9 naturelle du d\u00e9sert.<\/p>\t\t\t\t\t\t\t\t<\/div>\n\t\t\t\t\t<\/div>\n\t\t<\/div>\n\t\t\t\t\t<\/div>\n\t\t<\/section>\n\t\t\t\t\t<\/div>\n\t\t<\/div>\n\t\t\t\t\t<\/div>\n\t\t<\/section>\n\t\t<div class=\"elementor-element elementor-element-10f17c0 e-flex e-con-boxed qodef-elementor-content-no e-con e-parent\" data-id=\"10f17c0\" data-element_type=\"container\">\n\t\t\t\t\t<div class=\"e-con-inner\">\n\t\t\t\t<div class=\"elementor-element elementor-element-57036f2 elementor-arrows-position-outside elementor-pagination-position-outside elementor-widget elementor-widget-image-carousel\" data-id=\"57036f2\" data-element_type=\"widget\" data-settings=\"{&quot;navigation&quot;:&quot;both&quot;,&quot;autoplay&quot;:&quot;yes&quot;,&quot;pause_on_hover&quot;:&quot;yes&quot;,&quot;pause_on_interaction&quot;:&quot;yes&quot;,&quot;autoplay_speed&quot;:5000,&quot;infinite&quot;:&quot;yes&quot;,&quot;speed&quot;:500,&quot;image_spacing_custom&quot;:{&quot;unit&quot;:&quot;px&quot;,&quot;size&quot;:20,&quot;sizes&quot;:[]},&quot;image_spacing_custom_tablet&quot;:{&quot;unit&quot;:&quot;px&quot;,&quot;size&quot;:&quot;&quot;,&quot;sizes&quot;:[]},&quot;image_spacing_custom_mobile&quot;:{&quot;unit&quot;:&quot;px&quot;,&quot;size&quot;:&quot;&quot;,&quot;sizes&quot;:[]}}\" data-widget_type=\"image-carousel.default\">\n\t\t\t\t\t\t\t<div class=\"elementor-image-carousel-wrapper swiper\" role=\"region\" aria-roledescription=\"carousel\" aria-label=\"Image Carousel\" dir=\"ltr\">\n\t\t\t<div class=\"elementor-image-carousel swiper-wrapper\" aria-live=\"off\">\n\t\t\t\t\t\t\t\t<div class=\"swiper-slide\" role=\"group\" aria-roledescription=\"slide\" aria-label=\"1 of 8\"><figure class=\"swiper-slide-inner\"><img decoding=\"async\" class=\"swiper-slide-image\" src=\"https:\/\/gravitycommunity.org\/wp-content\/uploads\/2025\/09\/5-1.jpg\" alt=\"Screenshot\" \/><\/figure><\/div><div class=\"swiper-slide\" role=\"group\" aria-roledescription=\"slide\" aria-label=\"2 of 8\"><figure class=\"swiper-slide-inner\"><img decoding=\"async\" class=\"swiper-slide-image\" src=\"https:\/\/gravitycommunity.org\/wp-content\/uploads\/2025\/09\/8-1.jpg\" alt=\"Screenshot\" \/><\/figure><\/div><div class=\"swiper-slide\" role=\"group\" aria-roledescription=\"slide\" aria-label=\"3 of 8\"><figure class=\"swiper-slide-inner\"><img decoding=\"async\" class=\"swiper-slide-image\" src=\"https:\/\/gravitycommunity.org\/wp-content\/uploads\/2025\/09\/3-1.jpg\" alt=\"Screenshot\" \/><\/figure><\/div><div class=\"swiper-slide\" role=\"group\" aria-roledescription=\"slide\" aria-label=\"4 of 8\"><figure class=\"swiper-slide-inner\"><img decoding=\"async\" class=\"swiper-slide-image\" src=\"https:\/\/gravitycommunity.org\/wp-content\/uploads\/2025\/09\/2-1.jpg\" alt=\"Screenshot\" \/><\/figure><\/div><div class=\"swiper-slide\" role=\"group\" aria-roledescription=\"slide\" aria-label=\"5 of 8\"><figure class=\"swiper-slide-inner\"><img decoding=\"async\" class=\"swiper-slide-image\" src=\"https:\/\/gravitycommunity.org\/wp-content\/uploads\/2025\/09\/4-1.jpg\" alt=\"Screenshot\" \/><\/figure><\/div><div class=\"swiper-slide\" role=\"group\" aria-roledescription=\"slide\" aria-label=\"6 of 8\"><figure class=\"swiper-slide-inner\"><img decoding=\"async\" class=\"swiper-slide-image\" src=\"https:\/\/gravitycommunity.org\/wp-content\/uploads\/2025\/09\/6-1.jpg\" alt=\"Screenshot\" \/><\/figure><\/div><div class=\"swiper-slide\" role=\"group\" aria-roledescription=\"slide\" aria-label=\"7 of 8\"><figure class=\"swiper-slide-inner\"><img decoding=\"async\" class=\"swiper-slide-image\" src=\"https:\/\/gravitycommunity.org\/wp-content\/uploads\/2025\/09\/1-1.jpg\" alt=\"Screenshot\" \/><\/figure><\/div><div class=\"swiper-slide\" role=\"group\" aria-roledescription=\"slide\" aria-label=\"8 of 8\"><figure class=\"swiper-slide-inner\"><img decoding=\"async\" class=\"swiper-slide-image\" src=\"https:\/\/gravitycommunity.org\/wp-content\/uploads\/2025\/09\/7-1.jpg\" alt=\"Screenshot\" \/><\/figure><\/div>\t\t\t<\/div>\n\t\t\t\t\t\t\t\t\t\t\t\t<div class=\"elementor-swiper-button elementor-swiper-button-prev\" role=\"button\" tabindex=\"0\">\n\t\t\t\t\t\t<svg aria-hidden=\"true\" class=\"e-font-icon-svg e-eicon-chevron-left\" viewBox=\"0 0 1000 1000\" xmlns=\"http:\/\/www.w3.org\/2000\/svg\"><path d=\"M646 125C629 125 613 133 604 142L308 442C296 454 292 471 292 487 292 504 296 521 308 533L604 854C617 867 629 875 646 875 663 875 679 871 692 858 704 846 713 829 713 812 713 796 708 779 692 767L438 487 692 225C700 217 708 204 708 187 708 171 704 154 692 142 675 129 663 125 646 125Z\"><\/path><\/svg>\t\t\t\t\t<\/div>\n\t\t\t\t\t<div class=\"elementor-swiper-button elementor-swiper-button-next\" role=\"button\" tabindex=\"0\">\n\t\t\t\t\t\t<svg aria-hidden=\"true\" class=\"e-font-icon-svg e-eicon-chevron-right\" viewBox=\"0 0 1000 1000\" xmlns=\"http:\/\/www.w3.org\/2000\/svg\"><path d=\"M696 533C708 521 713 504 713 487 713 471 708 454 696 446L400 146C388 133 375 125 354 125 338 125 325 129 313 142 300 154 292 171 292 187 292 204 296 221 308 233L563 492 304 771C292 783 288 800 288 817 288 833 296 850 308 863 321 871 338 875 354 875 371 875 388 867 400 854L696 533Z\"><\/path><\/svg>\t\t\t\t\t<\/div>\n\t\t\t\t\n\t\t\t\t\t\t\t\t\t<div class=\"swiper-pagination\"><\/div>\n\t\t\t\t\t\t\t\t\t<\/div>\n\t\t\t\t\t\t<\/div>\n\t\t\t\t\t<\/div>\n\t\t\t\t<\/div>\n\t\t\t\t<\/div>\n\t\t","protected":false},"excerpt":{"rendered":"<p>GRAVITY COMMUNITY Mirage Gravity Mirage est l&#8217;aboutissement de notre voyage, o\u00f9 le r\u00eave rencontre la r\u00e9alit\u00e9 dans un cadre d&#8217;exception. Bien plus qu\u2019un simple \u00e9v\u00e9nement musical, Mirage est une exp\u00e9rience de luxe du 21e si\u00e8cle, con\u00e7ue pour \u00e9veiller un \u00e9merveillement profond. Au c\u0153ur de l\u2019oasis somptueuse de l\u2019h\u00f4tel Anantara \u00e0 Tozeur, chaque d\u00e9tail a \u00e9t\u00e9 [&hellip;]<\/p>\n","protected":false},"author":1,"featured_media":0,"parent":0,"menu_order":0,"comment_status":"closed","ping_status":"closed","template":"page-full-width.php","meta":{"footnotes":""},"class_list":["post-7753","page","type-page","status-publish","hentry"],"_links":{"self":[{"href":"https:\/\/gravitycommunity.org\/index.php\/wp-json\/wp\/v2\/pages\/7753","targetHints":{"allow":["GET"]}}],"collection":[{"href":"https:\/\/gravitycommunity.org\/index.php\/wp-json\/wp\/v2\/pages"}],"about":[{"href":"https:\/\/gravitycommunity.org\/index.php\/wp-json\/wp\/v2\/types\/page"}],"author":[{"embeddable":true,"href":"https:\/\/gravitycommunity.org\/index.php\/wp-json\/wp\/v2\/users\/1"}],"replies":[{"embeddable":true,"href":"https:\/\/gravitycommunity.org\/index.php\/wp-json\/wp\/v2\/comments?post=7753"}],"version-history":[{"count":5,"href":"https:\/\/gravitycommunity.org\/index.php\/wp-json\/wp\/v2\/pages\/7753\/revisions"}],"predecessor-version":[{"id":7768,"href":"https:\/\/gravitycommunity.org\/index.php\/wp-json\/wp\/v2\/pages\/7753\/revisions\/7768"}],"wp:attachment":[{"href":"https:\/\/gravitycommunity.org\/index.php\/wp-json\/wp\/v2\/media?parent=7753"}],"curies":[{"name":"wp","href":"https:\/\/api.w.org\/{rel}","templated":true}]}}